{"id":171,"date":"2017-06-09T12:18:28","date_gmt":"2017-06-09T12:18:28","guid":{"rendered":"http:\/\/procyon-solutions.com\/?page_id=171"},"modified":"2017-06-12T11:29:25","modified_gmt":"2017-06-12T11:29:25","slug":"fuer-die-immobilienwirtschaft","status":"publish","type":"page","link":"http:\/\/procyon-solutions.com\/?page_id=171","title":{"rendered":"F\u00fcr die Immobilienwirtschaft"},"content":{"rendered":"<p>F\u00fcr die Immobilienwirschaft schaffen wir vielf\u00e4ltigen Nutzen, wie <\/p>\n<p>&#8211; Zusatzmietertr\u00e4ge,<br \/>\n&#8211; Reduzierte Betriebskosten,<br \/>\n&#8211; Verbesserte Infrastruktur,<br \/>\n&#8211; Verbesserte Attraktivit\u00e4t des Geb\u00e4udes,<br \/>\n&#8211; Vermeidung von anstehenden Modernisierungskosten,<br \/>\n&#8211; Reduzierte Strompreise durch Nutzung von Gr\u00fcnstrom,<br \/>\n&#8211; Bindung durch Mieterstrom-Modelle gem. EEG\/bei Wohnwirtschaft,<br \/>\n&#8211; Abbau von Spitzenlast in Gewerbe\/Industrie,<br \/>\n&#8211; Herstellung einer USV,<br \/>\n&#8211; Anbindung von Elektrotankstellen (bspw. B\u00fcrogeb\u00e4ude)<br \/>\n&#8211; Erleichterte Erreichung von Zertifizierungen DNGB o.\u00e4.<br \/>\n&#8211; &#8230; <\/p>\n<p>Der Nutzen durch eine PV-Anlage und\/oder Speichersystems ist meist deutlich.<\/p>\n<p><img loading=\"lazy\" decoding=\"async\" src=\"http:\/\/procyon-solutions.com\/wp-content\/uploads\/2017\/06\/IMG_0436-300x200.jpg\" alt=\"\" width=\"300\" height=\"200\" class=\"alignnone size-medium wp-image-226\" srcset=\"http:\/\/procyon-solutions.com\/wp-content\/uploads\/2017\/06\/IMG_0436-300x200.jpg 300w, http:\/\/procyon-solutions.com\/wp-content\/uploads\/2017\/06\/IMG_0436-768x512.jpg 768w, http:\/\/procyon-solutions.com\/wp-content\/uploads\/2017\/06\/IMG_0436-700x467.jpg 700w\" sizes=\"auto, (max-width: 300px) 100vw, 300px\" \/><\/p>\n<p>Nach einer Besichtigung des Geb\u00e4udes erstellen wir ein Konzept, wie mit einer Photovoltaikanlage und\/oder einem Speichersystem bestm\u00f6glicher Nutzen generiert werden kann. Als grunds\u00e4tzliche Konzepte pr\u00fcfen wir sowohl die Verpachtung der Dachfl\u00e4che an einen dritten PV-Investor als auch die Eigeninvestition in die PV-Anlage. <\/p>\n<p>Wie erstellen aufgrund der Geb\u00e4udeverh\u00e4ltnisse eine dreidimensionale CAD-Planung der Erzeugungsanlage und berechnen mit einer mathematische Simulation die zu erwartenden Ertragswerte. Die Ertragswerte und die Verbr\u00e4uche Vor-Ort werden minutengenau abgeglichen. Mit unseren aktuellen Richtpreisen ermitteln wir die zu erwartenden Investitionskosten und kalkulieren mit wirtschaftlichen Kennzahlen die Entscheidungsvorlagen.<\/p>\n<p>Dabei k\u00f6nnen wir, je nach Ihren W\u00fcnschen, auch Top-Unternehmenskennzahlen wie DCF, VA, IC oder WACC darstellen. Ferner versuchen wir ebenso die weichen Einfl\u00fcsse, wie Erh\u00f6hung der Restnutzungsdauer der Dacheindeckung und die Ver\u00e4nderung des Liegenschaftzinssatzes durch verbesserte Infrastruktur etc. zu bewerten. Auch die Einfl\u00fcsse auf die Sicherheiten bewerten wir gem\u00e4\u00df der Richtlinien der deutschen Pfandbriefbanken.<\/p>\n<p>In unserer Beratung sind wir frei von etwaigen Pr\u00e4ferenzen. Unsere Beratung ist ergebnisoffen. Unsere Beratung ist f\u00fcr den Geb\u00e4udeeigent\u00fcmer oder Asset-Manager im ersten Schritt grunds\u00e4tzlich kostenfrei. Wir freuen uns \u00fcber Ihre Anfrage.<\/p>\n","protected":false},"excerpt":{"rendered":"<div class=\"mh-excerpt\"><p>F\u00fcr die Immobilienwirschaft schaffen wir vielf\u00e4ltigen Nutzen, wie &#8211; Zusatzmietertr\u00e4ge, &#8211; Reduzierte Betriebskosten, &#8211; Verbesserte Infrastruktur, &#8211; Verbesserte Attraktivit\u00e4t des Geb\u00e4udes, &#8211; Vermeidung von anstehenden Modernisierungskosten, &#8211; Reduzierte Strompreise durch Nutzung von Gr\u00fcnstrom, &#8211; Bindung <a class=\"mh-excerpt-more\" href=\"http:\/\/procyon-solutions.com\/?page_id=171\" title=\"F\u00fcr die Immobilienwirtschaft\">[&#8230;]<\/a><\/p>\n<\/div>","protected":false},"author":1,"featured_media":226,"parent":0,"menu_order":0,"comment_status":"closed","ping_status":"closed","template":"","meta":{"_monsterinsights_skip_tracking":false,"_monsterinsights_sitenote_active":false,"_monsterinsights_sitenote_note":"","_monsterinsights_sitenote_category":0,"footnotes":""},"class_list":["post-171","page","type-page","status-publish","has-post-thumbnail"],"_links":{"self":[{"href":"http:\/\/procyon-solutions.com\/index.php?rest_route=\/wp\/v2\/pages\/171","targetHints":{"allow":["GET"]}}],"collection":[{"href":"http:\/\/procyon-solutions.com\/index.php?rest_route=\/wp\/v2\/pages"}],"about":[{"href":"http:\/\/procyon-solutions.com\/index.php?rest_route=\/wp\/v2\/types\/page"}],"author":[{"embeddable":true,"href":"http:\/\/procyon-solutions.com\/index.php?rest_route=\/wp\/v2\/users\/1"}],"replies":[{"embeddable":true,"href":"http:\/\/procyon-solutions.com\/index.php?rest_route=%2Fwp%2Fv2%2Fcomments&post=171"}],"version-history":[{"count":11,"href":"http:\/\/procyon-solutions.com\/index.php?rest_route=\/wp\/v2\/pages\/171\/revisions"}],"predecessor-version":[{"id":233,"href":"http:\/\/procyon-solutions.com\/index.php?rest_route=\/wp\/v2\/pages\/171\/revisions\/233"}],"wp:featuredmedia":[{"embeddable":true,"href":"http:\/\/procyon-solutions.com\/index.php?rest_route=\/wp\/v2\/media\/226"}],"wp:attachment":[{"href":"http:\/\/procyon-solutions.com\/index.php?rest_route=%2Fwp%2Fv2%2Fmedia&parent=171"}],"curies":[{"name":"wp","href":"https:\/\/api.w.org\/{rel}","templated":true}]}}