{"id":163,"date":"2017-06-09T12:15:36","date_gmt":"2017-06-09T12:15:36","guid":{"rendered":"http:\/\/procyon-solutions.com\/?page_id=163"},"modified":"2017-06-09T18:02:42","modified_gmt":"2017-06-09T18:02:42","slug":"impressum","status":"publish","type":"page","link":"http:\/\/procyon-solutions.com\/?page_id=163","title":{"rendered":"Impressum"},"content":{"rendered":"<p>Procyon Solutions GmbH<br \/>\nD\u00fcsseldorfer Str. 136<br \/>\nD-47239 Duisburg<\/p>\n<p>Amtsgericht Duisburg HRB 26965<br \/>\nUSt.-ID-Nr.: DE 297 151 912<\/p>\n<p>Gesch\u00e4ftsf\u00fchrer: Frank C. Feyen<\/p>\n","protected":false},"excerpt":{"rendered":"<div class=\"mh-excerpt\"><p>Procyon Solutions GmbH D\u00fcsseldorfer Str. 136 D-47239 Duisburg Amtsgericht Duisburg HRB 26965 USt.-ID-Nr.: DE 297 151 912 Gesch\u00e4ftsf\u00fchrer: Frank C. Feyen<\/p>\n<\/div>","protected":false},"author":1,"featured_media":0,"parent":0,"menu_order":0,"comment_status":"closed","ping_status":"closed","template":"","meta":{"_monsterinsights_skip_tracking":false,"_monsterinsights_sitenote_active":false,"_monsterinsights_sitenote_note":"","_monsterinsights_sitenote_category":0,"footnotes":""},"class_list":["post-163","page","type-page","status-publish"],"_links":{"self":[{"href":"http:\/\/procyon-solutions.com\/index.php?rest_route=\/wp\/v2\/pages\/163","targetHints":{"allow":["GET"]}}],"collection":[{"href":"http:\/\/procyon-solutions.com\/index.php?rest_route=\/wp\/v2\/pages"}],"about":[{"href":"http:\/\/procyon-solutions.com\/index.php?rest_route=\/wp\/v2\/types\/page"}],"author":[{"embeddable":true,"href":"http:\/\/procyon-solutions.com\/index.php?rest_route=\/wp\/v2\/users\/1"}],"replies":[{"embeddable":true,"href":"http:\/\/procyon-solutions.com\/index.php?rest_route=%2Fwp%2Fv2%2Fcomments&post=163"}],"version-history":[{"count":3,"href":"http:\/\/procyon-solutions.com\/index.php?rest_route=\/wp\/v2\/pages\/163\/revisions"}],"predecessor-version":[{"id":241,"href":"http:\/\/procyon-solutions.com\/index.php?rest_route=\/wp\/v2\/pages\/163\/revisions\/241"}],"wp:attachment":[{"href":"http:\/\/procyon-solutions.com\/index.php?rest_route=%2Fwp%2Fv2%2Fmedia&parent=163"}],"curies":[{"name":"wp","href":"https:\/\/api.w.org\/{rel}","templated":true}]}}